{"id":6,"date":"2024-07-15T06:32:46","date_gmt":"2024-07-15T06:32:46","guid":{"rendered":"https:\/\/heyandro.com\/?page_id=6"},"modified":"2026-02-11T21:39:37","modified_gmt":"2026-02-11T21:39:37","slug":"impressum","status":"publish","type":"page","link":"https:\/\/heyandro.com\/index.php\/impressum\/","title":{"rendered":"Impressum"},"content":{"rendered":"\r\n<h2>Impressum<\/h2>\r\n<p><strong>Angaben gem\u00e4\u00df \u00a7 5 DDG<\/strong><\/p>\r\n\r\n\r\n\r\n<p>Andro Anic <strong>(Hey Andro)<\/strong><br \/>handelnd unter der Gesch\u00e4ftsbezeichnung<br \/>\u201eHEY ANDRO MEDIA GROUP\u201c (Einzelunternehmen)<\/p>\r\n<p>Friedrich-List-Platz 1<br \/>D-04103 Leipzig<br \/>Deutschland<\/p>\r\n\r\n\r\n\r\n<p>Umsatzsteuer-Identifikationsnummer gem\u00e4\u00df \u00a7 27 a Umsatzsteuergesetz: DE354430904<\/p>\r\n\r\n\r\n\r\n<p>Verantwortlich f\u00fcr den Inhalt nach \u00a7 18 Abs. 2 MStV:<strong><br \/><\/strong>Andro Anic<\/p>\r\n\r\n\r\n\r\n<p><strong>Kontakt<\/strong><\/p>\r\n\r\n\r\n\r\n<p>legal@heyandro.com<\/p>\r\n\r\n\r\n\r\n<p>Postanschrift f\u00fcr Korrespondenz (nicht ladungsf\u00e4hig, nur Kroatien):<br \/>Labinska 49<br \/>HR-51000 Rijeka<br \/>Kroatien<\/p>\r\n\r\n\r\n\r\n<p><strong>Rechtsschutzversicherung<\/strong><br \/>ARAG SE<br \/>ARAG Platz 1<br \/>D- 40472 D\u00fcsseldorf<br \/>Tel: +49 \/ (0) 211 \/ 9890-1612<br \/>Fax: +49 \/ (0) 211 \/ 963-2850<\/p>\r\n\r\n\r\n\r\n<p>R\u00e4umlicher Geltungsbereich der Versicherung: <br \/>Mitgliedsstaaten der Europ\u00e4ischen Union.<\/p>\r\n\r\n\r\n\r\n<p><strong>EU-Streitbeilegung<\/strong> <br \/>Die Europ\u00e4ische Kommission stellt eine Plattform zur Online-Streitbeilegung (OS) bereit: <strong><a href=\"https:\/\/consumer-redress.ec.europa.eu\/index_en\">https:\/\/consumer-redress.ec.europa.eu\/index_en<\/a><\/strong>. <br \/>Unsere E-Mail-Adresse finden Sie oben im Impressum.<\/p>\r\n\r\n\r\n\r\n<p><strong>Verbraucherstreitbeilegung\/Universalschlichtungsstelle<\/strong> <br \/>Wir sind nicht bereit oder verpflichtet, an Streitbeilegungsverfahren vor einer Verbraucherschlichtungsstelle teilzunehmen.<\/p>\r\n\r\n\r\n\r\n<p><strong><a href=\"https:\/\/heyandro.com\/index.php\/haftungsausschluss\/\" data-type=\"page\" data-id=\"32\">Haftungsausschluss<\/a><\/strong><\/p>\r\n","protected":false},"excerpt":{"rendered":"<p>Impressum Angaben gem\u00e4\u00df \u00a7 5 DDG Andro Anic (Hey Andro)handelnd unter der Gesch\u00e4ftsbezeichnung\u201eHEY ANDRO MEDIA GROUP\u201c (Einzelunternehmen) Friedrich-List-Platz 1D-04103 LeipzigDeutschland Umsatzsteuer-Identifikationsnummer gem\u00e4\u00df \u00a7 27 a Umsatzsteuergesetz: DE354430904 Verantwortlich f\u00fcr den Inhalt nach \u00a7 18 Abs. 2 MStV:Andro Anic Kontakt legal@heyandro.com Postanschrift f\u00fcr Korrespondenz (nicht ladungsf\u00e4hig, nur Kroatien):Labinska 49HR-51000 RijekaKroatien RechtsschutzversicherungARAG SEARAG Platz 1D- 40472 D\u00fcsseldorfTel: [&hellip;]<\/p>\n","protected":false},"author":1,"featured_media":0,"parent":0,"menu_order":0,"comment_status":"closed","ping_status":"closed","template":"","meta":{"footnotes":""},"class_list":["post-6","page","type-page","status-publish","hentry"],"_links":{"self":[{"href":"https:\/\/heyandro.com\/index.php\/wp-json\/wp\/v2\/pages\/6","targetHints":{"allow":["GET"]}}],"collection":[{"href":"https:\/\/heyandro.com\/index.php\/wp-json\/wp\/v2\/pages"}],"about":[{"href":"https:\/\/heyandro.com\/index.php\/wp-json\/wp\/v2\/types\/page"}],"author":[{"embeddable":true,"href":"https:\/\/heyandro.com\/index.php\/wp-json\/wp\/v2\/users\/1"}],"replies":[{"embeddable":true,"href":"https:\/\/heyandro.com\/index.php\/wp-json\/wp\/v2\/comments?post=6"}],"version-history":[{"count":18,"href":"https:\/\/heyandro.com\/index.php\/wp-json\/wp\/v2\/pages\/6\/revisions"}],"predecessor-version":[{"id":87,"href":"https:\/\/heyandro.com\/index.php\/wp-json\/wp\/v2\/pages\/6\/revisions\/87"}],"wp:attachment":[{"href":"https:\/\/heyandro.com\/index.php\/wp-json\/wp\/v2\/media?parent=6"}],"curies":[{"name":"wp","href":"https:\/\/api.w.org\/{rel}","templated":true}]}}