{"id":37,"date":"2024-07-15T09:16:05","date_gmt":"2024-07-15T09:16:05","guid":{"rendered":"https:\/\/heyandro.com\/?page_id=37"},"modified":"2026-02-11T21:38:04","modified_gmt":"2026-02-11T21:38:04","slug":"datenschutz","status":"publish","type":"page","link":"https:\/\/heyandro.com\/index.php\/datenschutz\/","title":{"rendered":"Datenschutz"},"content":{"rendered":"\r\n<h2>Datenschutz<\/h2>\r\n<p>Wir nehmen den Schutz Ihrer pers\u00f6nlichen Daten sehr ernst. Wir behandeln Ihre personenbezogenen Daten vertraulich und entsprechend der EU-Datenschutzgrundverordnung (DSGVO), des Bundesdatenschutzgesetzes (BDSG) und aller weiteren relevanten Datenschutzvorschriften sowie dieser Datenschutzerkl\u00e4rung.<br \/>Die Nutzung unserer Webseite ist in der Regel ohne Angabe personenbezogener Daten m\u00f6glich. Soweit auf unseren Seiten personenbezogene Daten (beispielsweise Name, Anschrift oder E-Mail-Adressen) erhoben werden, erfolgt dies auf freiwilliger Basis. Diese Daten werden ohne Ihre ausdr\u00fcckliche Zustimmung nicht an Dritte weitergegeben.<\/p>\r\n\r\n\r\n\r\n<p><strong>Name und Kontaktdaten der Verantwortlichen<\/strong><\/p>\r\n\r\n\r\n\r\n<p>Verantwortlich f\u00fcr die Verarbeitung der personenbezogenen Daten ist:<\/p>\r\n\r\n\r\n\r\n<p>Andro Anic<br \/>Friedrich-List-Platz 1<br \/>D-04103 Leipzig<br \/>datenschutz@heyandro.com<\/p>\r\n\r\n\r\n\r\n<p><strong>Kontaktaufnahme per E-Mail<\/strong><\/p>\r\n\r\n\r\n\r\n<p>Wir weisen darauf hin, dass die Daten\u00fcbertragung im Internet Sicherheitsl\u00fccken aufweisen kann. Ein l\u00fcckenloser Schutz der Daten vor dem Zugriff durch Dritte ist nicht m\u00f6glich. Die Verarbeitung der im Rahmen der Kontaktaufnahme per E-Mail \u00fcbermittelten personenbezogenen Daten erfolgt zur Bearbeitung Ihrer Anfrage gem\u00e4\u00df Art. 6 Abs. 1 lit. b DSGVO oder auf Grundlage unseres berechtigten Interesses gem\u00e4\u00df Art. 6 Abs. 1 lit. f DSGVO. Die von Ihnen an mich \u00fcbersandten Daten verbleiben bei uns, bis Sie uns zur L\u00f6schung auffordern, der Verarbeitung widersprechen oder der Zweck f\u00fcr die Datenspeicherung entf\u00e4llt (z. B. nach abgeschlossener Bearbeitung Ihres Anliegens). Zwingende gesetzliche Bestimmungen \u2013 insbesondere gesetzliche Aufbewahrungsfristen \u2013 bleiben unber\u00fchrt.<\/p>\r\n\r\n\r\n\r\n<p>Bitte schreiben Sie keine vertraulichen Informationen, insbesondere pers\u00f6nliche Daten in eine unverschl\u00fcsselte E-Mail, sondern nutzen Sie es nur zu einer ersten Kontaktaufnahme.<\/p>\r\n\r\n\r\n\r\n<p><strong>Verarbeitung personenbezogener Daten, Zweck der Verwendung und Rechtsgrundlagen<\/strong><\/p>\r\n\r\n\r\n\r\n<p>Der Provider der Website &#8220;heyandro.com&#8221; erhebt und speichert automatisch Informationen in so genannten Server-Log Files, die Ihr Browser automatisch an uns \u00fcbermittelt und die tempor\u00e4r gespeichert werden. Dies sind:<\/p>\r\n\r\n\r\n\r\n<p>Browsertyp\/ Browserversion des zugreifenden Systems<br \/>verwendetes Betriebssystem und -version des zugreifenden Systems<br \/>Clientversion<br \/>Zieldomain bzw. die Unterwebseiten, welche \u00fcber ein zugreifendes System auf unserer Internetseite angesteuert werden<br \/>die Internetseite, von welcher ein zugreifendes System auf unsere Internetseite gelangt (sogenannte Referrer URL)<br \/>Hostname, IP-Adresse und Internet-Service-Provider des zugreifenden Systems<br \/>Methode des Zugriffs<br \/>Datum und Uhrzeit der Serveranfrage<br \/>\u00fcbertragene Datenmenge und Zugriffsstatus<\/p>\r\n\r\n\r\n\r\n<p>Diese Protokolldaten werden zur Gew\u00e4hrleistung der Datensicherheit in einer Protokolldatei gespeichert, sind aber nicht bestimmten Personen zuordenbar. Eine Zusammenf\u00fchrung dieser Daten mit anderen Datenquellen wird nicht vorgenommen und R\u00fcckschl\u00fcsse auf die betroffenen Personen werden nicht gezogen. Diese Daten werden vielmehr ben\u00f6tigt, um (1) die Inhalte meiner Internetseite korrekt auszuliefern, (2) die Inhalte meiner Internetseite sowie die Werbung f\u00fcr diese zu optimieren, (3) die dauerhafte Funktionsf\u00e4higkeit meiner IT-Systeme und der Technik meiner Internetseite zu gew\u00e4hrleisten, (4) unzul\u00e4ssige Zugriffsversuche und Zugriffe auf den Webserver nachverfolgen zu k\u00f6nnen sowie (5) um Beh\u00f6rden und Gerichten im Falle eines Cyberangriffes die zur Strafverfolgung und zur Gefahrenabwehr sowie zur Verfolgung meiner berechtigten Interessen und zivilrechtlichen Anspr\u00fcche notwendigen Informationen bereitzustellen. Diese anonym erhobenen Daten und Informationen werden durch uns mit dem Ziel ausgewertet, den Datenschutz und die Datensicherheit in meinem Unternehmen zu erh\u00f6hen. Eine dar\u00fcber hinausgehende Nutzung der Protokolldaten erfolgt ausschlie\u00dflich zu statistischen Zwecken in anonymisierter Form.<br \/>Wir behalten uns vor, diese Daten nachtr\u00e4glich zu pr\u00fcfen und ggf. weiter zu bearbeiten und zu speichern, wenn mir konkrete Anhaltspunkte f\u00fcr eine rechtswidrige Nutzung bekannt werden. Ansonsten werden die Protokolldaten in regelm\u00e4\u00dfigen Abst\u00e4nden \u2013 sp\u00e4testens nach sechs Monaten \u2013 gel\u00f6scht. Die Rechtsgrundlage f\u00fcr die Datenverarbeitung, soweit es sich \u00fcberhaupt um personenbezogene Daten handelt, ist in diesem Fall Art. 6 Abs. 1 f) DSGVO.<\/p>\r\n\r\n\r\n\r\n<p><strong>Weitergabe von Daten<\/strong><\/p>\r\n\r\n\r\n\r\n<p>Eine \u00dcbermittlung Ihrer pers\u00f6nlichen Daten an Dritte zu anderen als den im Folgenden aufgef\u00fchrten Zwecken findet nicht statt.<br \/>Wir geben Ihre pers\u00f6nlichen Daten nur an Dritte weiter, wenn:<br \/>Sie Ihre nach Art. 6 Abs. 1 S. 1 a) DSGVO ausdr\u00fcckliche Einwilligung dazu erteilt haben,<br \/>die Weitergabe nach Art. 6 Abs. 1 S. 1 f) DSGVO zur Geltendmachung, Aus\u00fcbung oder Verteidigung von Rechtsanspr\u00fcchen erforderlich ist und kein Grund zur Annahme besteht, dass Sie ein \u00fcberwiegendes schutzw\u00fcrdiges Interesse an der Nichtweitergabe Ihrer Daten haben,<br \/>f\u00fcr den Fall, dass f\u00fcr die Weitergabe nach Art. 6 Abs. 1 S. 1 c) DSGVO eine gesetzliche Verpflichtung besteht, sowie<br \/>dies gesetzlich zul\u00e4ssig und nach Art. 6 Abs. 1 S. 1 b) DSGVO f\u00fcr die Abwicklung von Vertragsverh\u00e4ltnissen mit Ihnen erforderlich ist.<\/p>\r\n\r\n\r\n\r\n<p><strong>Routinem\u00e4\u00dfige L\u00f6schung und Sperrung personenbezogener Daten<\/strong><br \/>Der f\u00fcr die Verarbeitung Verantwortliche verarbeitet und speichert personenbezogene Daten der betroffenen Person nur f\u00fcr den Zeitraum, der zur Erreichung des Speicherungszwecks erforderlich ist oder sofern dies durch die DSGVO oder einen anderen datenschutzrechtliche Vorschrift, welcher der f\u00fcr die Verarbeitung Verantwortliche unterliegt, vorgesehen wurde.<br \/>Entf\u00e4llt der Speicherungszweck oder l\u00e4uft eine von der DSGVO oder einer anderen anwendbaren Bestimmung vorgeschriebene Speicherfrist ab, werden die personenbezogenen Daten routinem\u00e4\u00dfig und entsprechend den gesetzlichen Vorschriften gesperrt oder gel\u00f6scht.<\/p>\r\n\r\n\r\n\r\n<p><strong>Ihre Rechte<\/strong><br \/>Sie haben folgende Rechte:\u200b<\/p>\r\n\r\n\r\n\r\n<ul class=\"wp-block-list\">\r\n<li>Recht auf Auskunft \u00fcber Ihre von mir verarbeiteten personenbezogenen Daten (Artikel 15 DSGVO), dazu geh\u00f6rt auch: Auskunft \u00fcber Verarbeitungszweck, Kategorie der personenbezogenen Daten, Empf\u00e4nger oder Kategorien von Empf\u00e4ngern, geplante Speicherdauer,<\/li>\r\n\r\n\r\n\r\n<li>Recht auf unverz\u00fcgliche Berichtigung unrichtiger Daten oder Vervollst\u00e4ndigung unvollst\u00e4ndiger Daten (Artikel 16 DSGVO),<\/li>\r\n\r\n\r\n\r\n<li>Recht auf unverz\u00fcgliche L\u00f6schung (Artikel 17 DSGVO),<\/li>\r\n\r\n\r\n\r\n<li>Recht auf Einschr\u00e4nkung der Verarbeitung (Artikel 18 DSGVO),<\/li>\r\n\r\n\r\n\r\n<li>Recht auf Daten\u00fcbertragbarkeit (Artikel 20 DSGVO),<\/li>\r\n\r\n\r\n\r\n<li>Recht auf jederzeitigen Widerruf Ihrer einmal erteilten Einwilligung (Artikel 7 Absatz 3 DSGVO),<\/li>\r\n\r\n\r\n\r\n<li>Recht auf Widerspruch gegen die Verarbeitung bei der Datenerhebung auf Grundlage von berechtigten Interessen nach Artikel 6 Absatz 1 Satz 1 lit. f DSGVO, soweit daf\u00fcr Gr\u00fcnde vorliegen, die sich aus Ihrer besonderen Situation ergeben (Artikel 21 DSGVO),<\/li>\r\n\r\n\r\n\r\n<li>Recht, nicht einer ausschlie\u00dflich auf einer automatisierten Verarbeitung \u2013 einschlie\u00dflich Profiling \u2013 beruhenden Entscheidung unterworfen zu werden, die Ihnen gegen\u00fcber rechtliche Wirkung entfaltet oder sie in \u00e4hnlicher Weise erheblich beeintr\u00e4chtigt (Art. 22 DSGVO). Um diese Rechte geltend zu machen, k\u00f6nnen Sie sich jederzeit an den unter Ziffer 1 genannten Verantwortlichen wenden.<\/li>\r\n\r\n\r\n\r\n<li>Beschwerderecht bei Aufsichtsbeh\u00f6rde: Sie haben das Recht, sich bei einer Aufsichtsbeh\u00f6rde zu beschweren (Artikel 77 DSGVO). In der Regel k\u00f6nnen Sie sich hierf\u00fcr an die Aufsichtsbeh\u00f6rde Ihres \u00fcblichen Aufenthaltsortes oder Arbeitsplatzes wenden. Die f\u00fcr mich zust\u00e4ndige Aufsichtsbeh\u00f6rde ist:<\/li>\r\n<\/ul>\r\n\r\n\r\n\r\n<p>S\u00e4chsische Datenschutz- und Transparenzbeauftragte<br \/>Maternistra\u00dfe 17<br \/>01067 Dresden<\/p>\r\n\r\n\r\n\r\n<p>Telefon: <a href=\"tel:+4935185471101\">+49 351 85471-101<\/a><br \/>E-Mail:\u00a0<a href=\"mailto:mailbox@datenschutz-berlin.de\">post@sdtb.sachsen.de<\/a><\/p>\r\n\r\n\r\n\r\n<p><strong>Sonstige personenbezogene Daten<\/strong><br \/>Bei der Nutzung dieser Website werden im \u00dcbrigen keine personenbezogenen Daten erhoben, gespeichert oder verarbeitet.<\/p>\r\n\r\n\r\n\r\n<p>Cookies werden nicht eingesetzt.<br \/>Die Website verwendet ausschlie\u00dflich technisch notwendige Funktionen.<\/p>\r\n\r\n\r\n\r\n<p>Eine automatisierte Entscheidungsfindung oder ein Profiling findet nicht statt.<br \/>Personenbezogene Daten werden allerdings erhoben und gespeichert und zu dem jeweiligen Verwendungszweck auch auf andere Weise verarbeitet und genutzt, wenn und soweit Sie uns diese z.B. durch das Zusenden einer E-Mail oder durch eine andere auf dieser Website vorgeschlagene Art der Kontaktaufnahme freiwillig zur Verf\u00fcgung stellen.<br \/>Wir weisen darauf hin, dass die Daten\u00fcbertragung im Internet (z.B. bei der Kommunikation per E-Mail) Sicherheitsl\u00fccken aufweisen kann und dass wir regelm\u00e4\u00dfig keine verschl\u00fcsselte Kommunikation anbieten. Ein l\u00fcckenloser Schutz der Daten vor dem Zugriff durch Dritte ist nicht gew\u00e4hrleistet.<\/p>\r\n\r\n\r\n\r\n<h4 class=\"wp-block-heading\">Aktualit\u00e4t und \u00c4nderung dieser Datenschutzerkl\u00e4rung<\/h4>\r\n\r\n\r\n\r\n<p>Diese Datenschutzerkl\u00e4rung hat den Stand:<strong> 28. Januar 2025.<\/strong><\/p>\r\n\r\n\r\n\r\n<p>Wir behalten uns vor, die Datenschutzerkl\u00e4rung zu aktualisieren, um den Datenschutz zu verbessern oder an ge\u00e4nderte beh\u00f6rdliche oder gerichtliche Vorgaben anzupassen. Die aktuelle Datenschutzerkl\u00e4rung kann jederzeit auf dieser Website abgerufen und ausgedruckt werden.<\/p>\r\n\r\n\r\n\r\n<p>\u200b<\/p>\r\n","protected":false},"excerpt":{"rendered":"<p>Datenschutz Wir nehmen den Schutz Ihrer pers\u00f6nlichen Daten sehr ernst. Wir behandeln Ihre personenbezogenen Daten vertraulich und entsprechend der EU-Datenschutzgrundverordnung (DSGVO), des Bundesdatenschutzgesetzes (BDSG) und aller weiteren relevanten Datenschutzvorschriften sowie dieser Datenschutzerkl\u00e4rung.Die Nutzung unserer Webseite ist in der Regel ohne Angabe personenbezogener Daten m\u00f6glich. Soweit auf unseren Seiten personenbezogene Daten (beispielsweise Name, Anschrift oder E-Mail-Adressen) [&hellip;]<\/p>\n","protected":false},"author":1,"featured_media":0,"parent":0,"menu_order":0,"comment_status":"closed","ping_status":"closed","template":"","meta":{"footnotes":""},"class_list":["post-37","page","type-page","status-publish","hentry"],"_links":{"self":[{"href":"https:\/\/heyandro.com\/index.php\/wp-json\/wp\/v2\/pages\/37","targetHints":{"allow":["GET"]}}],"collection":[{"href":"https:\/\/heyandro.com\/index.php\/wp-json\/wp\/v2\/pages"}],"about":[{"href":"https:\/\/heyandro.com\/index.php\/wp-json\/wp\/v2\/types\/page"}],"author":[{"embeddable":true,"href":"https:\/\/heyandro.com\/index.php\/wp-json\/wp\/v2\/users\/1"}],"replies":[{"embeddable":true,"href":"https:\/\/heyandro.com\/index.php\/wp-json\/wp\/v2\/comments?post=37"}],"version-history":[{"count":10,"href":"https:\/\/heyandro.com\/index.php\/wp-json\/wp\/v2\/pages\/37\/revisions"}],"predecessor-version":[{"id":83,"href":"https:\/\/heyandro.com\/index.php\/wp-json\/wp\/v2\/pages\/37\/revisions\/83"}],"wp:attachment":[{"href":"https:\/\/heyandro.com\/index.php\/wp-json\/wp\/v2\/media?parent=37"}],"curies":[{"name":"wp","href":"https:\/\/api.w.org\/{rel}","templated":true}]}}